{"id":1841,"date":"2025-12-18T20:40:20","date_gmt":"2025-12-18T20:40:20","guid":{"rendered":"https:\/\/www.centroneurodiagnostico-kessler.com\/?page_id=1841"},"modified":"2025-12-19T23:50:22","modified_gmt":"2025-12-19T23:50:22","slug":"blog-de-salud","status":"publish","type":"page","link":"https:\/\/www.centroneurodiagnostico-kessler.com\/index.php\/blog-de-salud\/","title":{"rendered":"Blog de salud"},"content":{"rendered":"\t\t<div data-elementor-type=\"wp-page\" data-elementor-id=\"1841\" class=\"elementor elementor-1841\">\n\t\t\t\t<div class=\"elementor-element elementor-element-c697166 e-flex e-con-boxed e-con e-parent\" data-id=\"c697166\" data-element_type=\"container\" data-settings=\"{&quot;background_background&quot;:&quot;classic&quot;}\">\n\t\t\t\t\t<div class=\"e-con-inner\">\n\t\t<div class=\"elementor-element elementor-element-140add9 e-con-full e-flex e-con e-child\" data-id=\"140add9\" data-element_type=\"container\">\n\t\t\t\t<div class=\"elementor-element elementor-element-81976f0 elementor-widget elementor-widget-heading\" data-id=\"81976f0\" data-element_type=\"widget\" data-widget_type=\"heading.default\">\n\t\t\t\t\t<h2 class=\"elementor-heading-title elementor-size-default\">Blog de Salud - Centro Kessler<\/h2>\t\t\t\t<\/div>\n\t\t\t\t<div class=\"elementor-element elementor-element-24d8c50 elementor-widget elementor-widget-text-editor\" data-id=\"24d8c50\" data-element_type=\"widget\" data-widget_type=\"text-editor.default\">\n\t\t\t\t\t\t\t\t\t<p><span style=\"font-weight: 400;\">Ponemos nuestros conocimientos sobre neurolog\u00eda al servicio de nuestros pacientes. Informaci\u00f3n especializada sobre estudios neurofisiol\u00f3gicos, trastornos del sue\u00f1o y salud neurol\u00f3gica<\/span><\/p>\t\t\t\t\t\t\t\t<\/div>\n\t\t\t\t<\/div>\n\t\t\t\t\t<\/div>\n\t\t\t\t<\/div>\n\t\t<div class=\"elementor-element elementor-element-18d6dd0 e-flex e-con-boxed e-con e-parent\" data-id=\"18d6dd0\" data-element_type=\"container\" data-settings=\"{&quot;background_background&quot;:&quot;classic&quot;}\">\n\t\t\t\t\t<div class=\"e-con-inner\">\n\t\t<div class=\"elementor-element elementor-element-053256b e-con-full e-flex e-con e-child\" data-id=\"053256b\" data-element_type=\"container\">\n\t\t\t\t<div class=\"elementor-element elementor-element-6ef2fb7 elementor-widget elementor-widget-sidebar\" data-id=\"6ef2fb7\" data-element_type=\"widget\" data-widget_type=\"sidebar.default\">\n\t\t\t\t\t<div class=\"ct-widget is-layout-flow widget_block widget_categories\" id=\"block-12\"><div class=\"wp-block-categories-dropdown wp-block-categories\"><label class=\"wp-block-categories__label screen-reader-text\" for=\"wp-block-categories-1\">Categor\u00edas<\/label><select  name='category_name' id='wp-block-categories-1' class='postform'>\n\t<option value='-1'>Seleccionar Categor\u00eda<\/option>\n\t<option class=\"level-0\" value=\"eeg\">EEG<\/option>\n\t<option class=\"level-0\" value=\"neurologia\">Neurologia<\/option>\n\t<option class=\"level-0\" value=\"polisomnografia\">Polisomnografia<\/option>\n\t<option class=\"level-0\" value=\"uncategorized\">Sin categor\u00eda<\/option>\n<\/select><script>\n( ( [ dropdownId, homeUrl ] ) => {\n\t\tconst dropdown = document.getElementById( dropdownId );\n\t\tfunction onSelectChange() {\n\t\t\tsetTimeout( () => {\n\t\t\t\tif ( 'escape' === dropdown.dataset.lastkey ) {\n\t\t\t\t\treturn;\n\t\t\t\t}\n\t\t\t\tif ( dropdown.value && dropdown instanceof HTMLSelectElement ) {\n\t\t\t\t\tconst url = new URL( homeUrl );\n\t\t\t\t\turl.searchParams.set( dropdown.name, dropdown.value );\n\t\t\t\t\tlocation.href = url.href;\n\t\t\t\t}\n\t\t\t}, 250 );\n\t\t}\n\t\tfunction onKeyUp( event ) {\n\t\t\tif ( 'Escape' === event.key ) {\n\t\t\t\tdropdown.dataset.lastkey = 'escape';\n\t\t\t} else {\n\t\t\t\tdelete dropdown.dataset.lastkey;\n\t\t\t}\n\t\t}\n\t\tfunction onClick() {\n\t\t\tdelete dropdown.dataset.lastkey;\n\t\t}\n\t\tdropdown.addEventListener( 'keyup', onKeyUp );\n\t\tdropdown.addEventListener( 'click', onClick );\n\t\tdropdown.addEventListener( 'change', onSelectChange );\n\t} )( [\"wp-block-categories-1\",\"https:\/\/www.centroneurodiagnostico-kessler.com\"] );\n\/\/# sourceURL=build_dropdown_script_block_core_categories\n<\/script>\n\n<\/div><\/div>\t\t\t\t<\/div>\n\t\t\t\t<\/div>\n\t\t\t\t\t<\/div>\n\t\t\t\t<\/div>\n\t\t<div class=\"elementor-element elementor-element-2ddd7e8 e-flex e-con-boxed e-con e-parent\" data-id=\"2ddd7e8\" data-element_type=\"container\" data-settings=\"{&quot;background_background&quot;:&quot;classic&quot;}\">\n\t\t\t\t\t<div class=\"e-con-inner\">\n\t\t<div class=\"elementor-element elementor-element-b96415e e-con-full e-flex e-con e-child\" data-id=\"b96415e\" data-element_type=\"container\">\n\t\t\t\t<div class=\"elementor-element elementor-element-819a215 premium-blog-align-left elementor-widget elementor-widget-premium-addon-blog\" data-id=\"819a215\" data-element_type=\"widget\" data-settings=\"{&quot;premium_blog_grid&quot;:&quot;yes&quot;,&quot;premium_blog_layout&quot;:&quot;even&quot;,&quot;premium_blog_columns_number&quot;:&quot;50%&quot;,&quot;premium_blog_columns_number_tablet&quot;:&quot;50%&quot;,&quot;premium_blog_columns_number_mobile&quot;:&quot;100%&quot;}\" data-widget_type=\"premium-addon-blog.default\">\n\t\t\t\t\t\r\n\t\t\t\t<div class=\"premium-blog-wrap  premium-blog-even\" data-page=\"1841\">\r\n\t\t\t\t\t<div class=\"premium-blog-post-outer-container\" data-total=\"1\">\n\t\t\t<div class=\"premium-blog-post-container premium-blog-skin-modern\">\n\t\t\t\t\t\t\t\t\t<div class=\"premium-blog-thumb-effect-wrapper\">\n\t\t\t\t\t\t<div class=\"premium-blog-thumbnail-container premium-blog-zoomin-effect\">\n\t\t\t\t\t\t\t\t\t\t\t<a href=\"https:\/\/www.centroneurodiagnostico-kessler.com\/index.php\/2025\/12\/03\/polisomnografia-en-lima-que-es-y-para-que-sirve\/\" target=\"_blank\">\n\t\t\t\t<img fetchpriority=\"high\" decoding=\"async\" width=\"2560\" height=\"1707\" src=\"https:\/\/www.centroneurodiagnostico-kessler.com\/wp-content\/uploads\/2025\/12\/polisomnografia-lima-centro-kessler-scaled.jpg\" class=\"attachment-full size-full wp-image-1593\" alt=\"\" srcset=\"https:\/\/www.centroneurodiagnostico-kessler.com\/wp-content\/uploads\/2025\/12\/polisomnografia-lima-centro-kessler-scaled.jpg 2560w, https:\/\/www.centroneurodiagnostico-kessler.com\/wp-content\/uploads\/2025\/12\/polisomnografia-lima-centro-kessler-300x200.jpg 300w, https:\/\/www.centroneurodiagnostico-kessler.com\/wp-content\/uploads\/2025\/12\/polisomnografia-lima-centro-kessler-1024x683.jpg 1024w, https:\/\/www.centroneurodiagnostico-kessler.com\/wp-content\/uploads\/2025\/12\/polisomnografia-lima-centro-kessler-768x512.jpg 768w, https:\/\/www.centroneurodiagnostico-kessler.com\/wp-content\/uploads\/2025\/12\/polisomnografia-lima-centro-kessler-1536x1024.jpg 1536w, https:\/\/www.centroneurodiagnostico-kessler.com\/wp-content\/uploads\/2025\/12\/polisomnografia-lima-centro-kessler-2048x1365.jpg 2048w\" sizes=\"(max-width: 2560px) 100vw, 2560px\" \/>\t\t\t\t<\/a>\n\t\t\t\t\t\t\t\t\t\t<\/div>\n\t\t\t\t\t\t\t\t\t\t\t\t\t<div class=\"premium-blog-effect-container premium-blog-framed-effect\">\n\t\t\t\t\t\t\t\t<a class=\"premium-blog-post-link\" href=\"https:\/\/www.centroneurodiagnostico-kessler.com\/index.php\/2025\/12\/03\/polisomnografia-en-lima-que-es-y-para-que-sirve\/\" target=\"_blank\"><span>Polisomnograf\u00eda en Lima: qu\u00e9 es, para qu\u00e9 sirve y cu\u00e1ndo necesito una<\/span><\/a>\n\t\t\t\t\t\t\t\t\t\t\t\t\t\t\t<\/div>\n\t\t\t\t\t\t\t\t\t\t\t<\/div>\n\t\t\t\t\t\t\t\t\t\t\t\t<div class=\"premium-blog-content-wrapper \">\n\n\t\t\t\t\t<div class=\"premium-blog-inner-container\">\n\n\t\t\t\t\t\t\t\t\t\t\t\t\t\t<h2 class=\"premium-blog-entry-title\">\n\t\t\t<a href=\"https:\/\/www.centroneurodiagnostico-kessler.com\/index.php\/2025\/12\/03\/polisomnografia-en-lima-que-es-y-para-que-sirve\/\" target=\"_blank\">\n\t\t\t\tPolisomnograf\u00eda en Lima: qu\u00e9 es, para qu\u00e9 sirve y cu\u00e1ndo necesito una\t\t\t<\/a>\n\t\t<\/h2>\n\t\t\t\t<div class=\"premium-blog-entry-meta\">\n\t\t\t\n\t\t\t\n\t\t\t\n\t\t\t\t\t<\/div>\n\t\t\n\t\t\t\t\t<\/div>\n\n\t\t\t\t\t\t\t<div class=\"premium-blog-content-inner-wrapper\">\n\t\t<p class=\"premium-blog-post-content\">Dormir es la base de todos nuestros d\u00edas. Es la manera que tiene nuestro cuerpo de recargar bater\u00edas diariamente para poder tener \u2026<\/p>\t\t<\/div>\n\t\t\t\t\t\t\t\n\t\t\t\t<\/div>\n\t\t\t<\/div>\n\t\t<\/div>\n\n\t\t\t\t<div class=\"premium-blog-post-outer-container\" data-total=\"1\">\n\t\t\t<div class=\"premium-blog-post-container premium-blog-skin-modern\">\n\t\t\t\t\t\t\t\t\t<div class=\"premium-blog-thumb-effect-wrapper\">\n\t\t\t\t\t\t<div class=\"premium-blog-thumbnail-container premium-blog-zoomin-effect\">\n\t\t\t\t\t\t\t\t\t\t\t<a href=\"https:\/\/www.centroneurodiagnostico-kessler.com\/index.php\/2025\/12\/03\/cuando-hijo-necesita-estudio-sueno\/\" target=\"_blank\">\n\t\t\t\t<img decoding=\"async\" width=\"2560\" height=\"1707\" src=\"https:\/\/www.centroneurodiagnostico-kessler.com\/wp-content\/uploads\/2025\/12\/insomnio-ninos-2-3-anos-scaled.jpg\" class=\"attachment-full size-full wp-image-1607\" alt=\"\" srcset=\"https:\/\/www.centroneurodiagnostico-kessler.com\/wp-content\/uploads\/2025\/12\/insomnio-ninos-2-3-anos-scaled.jpg 2560w, https:\/\/www.centroneurodiagnostico-kessler.com\/wp-content\/uploads\/2025\/12\/insomnio-ninos-2-3-anos-300x200.jpg 300w, https:\/\/www.centroneurodiagnostico-kessler.com\/wp-content\/uploads\/2025\/12\/insomnio-ninos-2-3-anos-1024x683.jpg 1024w, https:\/\/www.centroneurodiagnostico-kessler.com\/wp-content\/uploads\/2025\/12\/insomnio-ninos-2-3-anos-768x512.jpg 768w, https:\/\/www.centroneurodiagnostico-kessler.com\/wp-content\/uploads\/2025\/12\/insomnio-ninos-2-3-anos-1536x1024.jpg 1536w, https:\/\/www.centroneurodiagnostico-kessler.com\/wp-content\/uploads\/2025\/12\/insomnio-ninos-2-3-anos-2048x1365.jpg 2048w\" sizes=\"(max-width: 2560px) 100vw, 2560px\" \/>\t\t\t\t<\/a>\n\t\t\t\t\t\t\t\t\t\t<\/div>\n\t\t\t\t\t\t\t\t\t\t\t\t\t<div class=\"premium-blog-effect-container premium-blog-framed-effect\">\n\t\t\t\t\t\t\t\t<a class=\"premium-blog-post-link\" href=\"https:\/\/www.centroneurodiagnostico-kessler.com\/index.php\/2025\/12\/03\/cuando-hijo-necesita-estudio-sueno\/\" target=\"_blank\"><span>Trastornos del Sue\u00f1o en Ni\u00f1os: \u00bfCu\u00e1ndo mi hijo realmente necesita un Estudio del Sue\u00f1o?<\/span><\/a>\n\t\t\t\t\t\t\t\t\t\t\t\t\t\t\t<\/div>\n\t\t\t\t\t\t\t\t\t\t\t<\/div>\n\t\t\t\t\t\t\t\t\t\t\t\t<div class=\"premium-blog-content-wrapper \">\n\n\t\t\t\t\t<div class=\"premium-blog-inner-container\">\n\n\t\t\t\t\t\t\t\t\t\t\t\t\t\t<h2 class=\"premium-blog-entry-title\">\n\t\t\t<a href=\"https:\/\/www.centroneurodiagnostico-kessler.com\/index.php\/2025\/12\/03\/cuando-hijo-necesita-estudio-sueno\/\" target=\"_blank\">\n\t\t\t\tTrastornos del Sue\u00f1o en Ni\u00f1os: \u00bfCu\u00e1ndo mi hijo realmente necesita un Estudio del Sue\u00f1o?\t\t\t<\/a>\n\t\t<\/h2>\n\t\t\t\t<div class=\"premium-blog-entry-meta\">\n\t\t\t\n\t\t\t\n\t\t\t\n\t\t\t\t\t<\/div>\n\t\t\n\t\t\t\t\t<\/div>\n\n\t\t\t\t\t\t\t<div class=\"premium-blog-content-inner-wrapper\">\n\t\t<p class=\"premium-blog-post-content\">\u00bfTu hijo ronca, tarda m\u00e1s de 30 minutos en dormirse, se despierta cansado, tiene conductas o movimientos extra\u00f1os durante el sue\u00f1o, tiene \u2026<\/p>\t\t<\/div>\n\t\t\t\t\t\t\t\n\t\t\t\t<\/div>\n\t\t\t<\/div>\n\t\t<\/div>\n\n\t\t\t\t<\/div>\r\n\r\n\t\t\t\t\t\t<\/div>\n\t\t\t\t<\/div>\n\t\t\t\t\t<\/div>\n\t\t\t\t<\/div>\n\t\t<div class=\"elementor-element elementor-element-5f79dcf e-flex e-con-boxed e-con e-parent\" data-id=\"5f79dcf\" data-element_type=\"container\" data-settings=\"{&quot;background_background&quot;:&quot;classic&quot;}\">\n\t\t\t\t\t<div class=\"e-con-inner\">\n\t\t<div class=\"elementor-element elementor-element-f755177 e-con-full e-flex e-con e-child\" data-id=\"f755177\" data-element_type=\"container\">\n\t\t\t\t<div class=\"elementor-element elementor-element-53575df elementor-widget elementor-widget-heading\" data-id=\"53575df\" data-element_type=\"widget\" data-widget_type=\"heading.default\">\n\t\t\t\t\t<h2 class=\"elementor-heading-title elementor-size-default\">\u00bfDudas sobre tu estudio?<\/h2>\t\t\t\t<\/div>\n\t\t\t\t<div class=\"elementor-element elementor-element-c79874a elementor-align-center elementor-widget elementor-widget-button\" data-id=\"c79874a\" data-element_type=\"widget\" data-widget_type=\"button.default\">\n\t\t\t\t\t\t\t\t\t\t<a class=\"elementor-button elementor-button-link elementor-size-sm\" href=\"https:\/\/www.centroneurodiagnostico-kessler.com\/index.php\/contact\/\">\n\t\t\t\t\t\t<span class=\"elementor-button-content-wrapper\">\n\t\t\t\t\t\t<span class=\"elementor-button-icon\">\n\t\t\t\t<svg aria-hidden=\"true\" class=\"e-font-icon-svg e-fas-arrow-right\" viewBox=\"0 0 448 512\" xmlns=\"http:\/\/www.w3.org\/2000\/svg\"><path d=\"M190.5 66.9l22.2-22.2c9.4-9.4 24.6-9.4 33.9 0L441 239c9.4 9.4 9.4 24.6 0 33.9L246.6 467.3c-9.4 9.4-24.6 9.4-33.9 0l-22.2-22.2c-9.5-9.5-9.3-25 .4-34.3L311.4 296H24c-13.3 0-24-10.7-24-24v-32c0-13.3 10.7-24 24-24h287.4L190.9 101.2c-9.8-9.3-10-24.8-.4-34.3z\"><\/path><\/svg>\t\t\t<\/span>\n\t\t\t\t\t\t\t\t\t<span class=\"elementor-button-text\">Cont\u00e1ctanos<\/span>\n\t\t\t\t\t<\/span>\n\t\t\t\t\t<\/a>\n\t\t\t\t\t\t\t\t<\/div>\n\t\t\t\t<\/div>\n\t\t\t\t\t<\/div>\n\t\t\t\t<\/div>\n\t\t\t\t<\/div>\n\t\t","protected":false},"excerpt":{"rendered":"<p>Blog de Salud &#8211; Centro Kessler Ponemos nuestros conocimientos sobre neurolog\u00eda al servicio de nuestros pacientes. Informaci\u00f3n especializada sobre estudios neurofisiol\u00f3gicos, trastornos del sue\u00f1o y salud neurol\u00f3gica Polisomnograf\u00eda en Lima: qu\u00e9 es, para qu\u00e9 sirve y cu\u00e1ndo necesito una Polisomnograf\u00eda en Lima: qu\u00e9 es, para qu\u00e9 sirve y cu\u00e1ndo necesito una Dormir es la base [&hellip;]<\/p>\n","protected":false},"author":1,"featured_media":0,"parent":0,"menu_order":0,"comment_status":"closed","ping_status":"closed","template":"","meta":{"footnotes":""},"class_list":["post-1841","page","type-page","status-publish","hentry"],"blocksy_meta":{"has_hero_section":"disabled","vertical_spacing_source":"custom","content_area_spacing":"none","styles_descriptor":{"styles":{"desktop":"","tablet":"","mobile":""},"google_fonts":[],"version":6}},"yoast_head":"<!-- This site is optimized with the Yoast SEO plugin v27.3 - https:\/\/yoast.com\/product\/yoast-seo-wordpress\/ -->\n<title>Blog de salud - centro neurodiagnostico kessler<\/title>\n<meta name=\"robots\" content=\"index, follow, max-snippet:-1, max-image-preview:large, max-video-preview:-1\" \/>\n<link rel=\"canonical\" href=\"https:\/\/www.centroneurodiagnostico-kessler.com\/index.php\/blog-de-salud\/\" \/>\n<meta property=\"og:locale\" content=\"es_ES\" \/>\n<meta property=\"og:type\" content=\"article\" \/>\n<meta property=\"og:title\" content=\"Blog de salud - centro neurodiagnostico kessler\" \/>\n<meta property=\"og:description\" content=\"Blog de Salud &#8211; Centro Kessler Ponemos nuestros conocimientos sobre neurolog\u00eda al servicio de nuestros pacientes. Informaci\u00f3n especializada sobre estudios neurofisiol\u00f3gicos, trastornos del sue\u00f1o y salud neurol\u00f3gica Polisomnograf\u00eda en Lima: qu\u00e9 es, para qu\u00e9 sirve y cu\u00e1ndo necesito una Polisomnograf\u00eda en Lima: qu\u00e9 es, para qu\u00e9 sirve y cu\u00e1ndo necesito una Dormir es la base [&hellip;]\" \/>\n<meta property=\"og:url\" content=\"https:\/\/www.centroneurodiagnostico-kessler.com\/index.php\/blog-de-salud\/\" \/>\n<meta property=\"og:site_name\" content=\"centro neurodiagnostico kessler\" \/>\n<meta property=\"article:modified_time\" content=\"2025-12-19T23:50:22+00:00\" \/>\n<meta property=\"og:image\" content=\"https:\/\/www.centroneurodiagnostico-kessler.com\/wp-content\/uploads\/2025\/12\/polisomnografia-lima-centro-kessler-scaled.jpg\" \/>\n\t<meta property=\"og:image:width\" content=\"2560\" \/>\n\t<meta property=\"og:image:height\" content=\"1707\" \/>\n\t<meta property=\"og:image:type\" content=\"image\/jpeg\" \/>\n<meta name=\"twitter:card\" content=\"summary_large_image\" \/>\n<meta name=\"twitter:label1\" content=\"Tiempo de lectura\" \/>\n\t<meta name=\"twitter:data1\" content=\"2 minutos\" \/>\n<script type=\"application\/ld+json\" class=\"yoast-schema-graph\">{\"@context\":\"https:\\\/\\\/schema.org\",\"@graph\":[{\"@type\":\"WebPage\",\"@id\":\"https:\\\/\\\/www.centroneurodiagnostico-kessler.com\\\/index.php\\\/blog-de-salud\\\/\",\"url\":\"https:\\\/\\\/www.centroneurodiagnostico-kessler.com\\\/index.php\\\/blog-de-salud\\\/\",\"name\":\"Blog de salud - centro neurodiagnostico kessler\",\"isPartOf\":{\"@id\":\"https:\\\/\\\/www.centroneurodiagnostico-kessler.com\\\/#website\"},\"primaryImageOfPage\":{\"@id\":\"https:\\\/\\\/www.centroneurodiagnostico-kessler.com\\\/index.php\\\/blog-de-salud\\\/#primaryimage\"},\"image\":{\"@id\":\"https:\\\/\\\/www.centroneurodiagnostico-kessler.com\\\/index.php\\\/blog-de-salud\\\/#primaryimage\"},\"thumbnailUrl\":\"https:\\\/\\\/www.centroneurodiagnostico-kessler.com\\\/wp-content\\\/uploads\\\/2025\\\/12\\\/polisomnografia-lima-centro-kessler-scaled.jpg\",\"datePublished\":\"2025-12-18T20:40:20+00:00\",\"dateModified\":\"2025-12-19T23:50:22+00:00\",\"breadcrumb\":{\"@id\":\"https:\\\/\\\/www.centroneurodiagnostico-kessler.com\\\/index.php\\\/blog-de-salud\\\/#breadcrumb\"},\"inLanguage\":\"es\",\"potentialAction\":[{\"@type\":\"ReadAction\",\"target\":[\"https:\\\/\\\/www.centroneurodiagnostico-kessler.com\\\/index.php\\\/blog-de-salud\\\/\"]}]},{\"@type\":\"ImageObject\",\"inLanguage\":\"es\",\"@id\":\"https:\\\/\\\/www.centroneurodiagnostico-kessler.com\\\/index.php\\\/blog-de-salud\\\/#primaryimage\",\"url\":\"https:\\\/\\\/www.centroneurodiagnostico-kessler.com\\\/wp-content\\\/uploads\\\/2025\\\/12\\\/polisomnografia-lima-centro-kessler-scaled.jpg\",\"contentUrl\":\"https:\\\/\\\/www.centroneurodiagnostico-kessler.com\\\/wp-content\\\/uploads\\\/2025\\\/12\\\/polisomnografia-lima-centro-kessler-scaled.jpg\",\"width\":2560,\"height\":1707},{\"@type\":\"BreadcrumbList\",\"@id\":\"https:\\\/\\\/www.centroneurodiagnostico-kessler.com\\\/index.php\\\/blog-de-salud\\\/#breadcrumb\",\"itemListElement\":[{\"@type\":\"ListItem\",\"position\":1,\"name\":\"Portada\",\"item\":\"https:\\\/\\\/www.centroneurodiagnostico-kessler.com\\\/\"},{\"@type\":\"ListItem\",\"position\":2,\"name\":\"Blog de salud\"}]},{\"@type\":\"WebSite\",\"@id\":\"https:\\\/\\\/www.centroneurodiagnostico-kessler.com\\\/#website\",\"url\":\"https:\\\/\\\/www.centroneurodiagnostico-kessler.com\\\/\",\"name\":\"Centro Neurodiagnostico Kessler\",\"description\":\"centro neurodiagnostico kessler\",\"publisher\":{\"@id\":\"https:\\\/\\\/www.centroneurodiagnostico-kessler.com\\\/#organization\"},\"potentialAction\":[{\"@type\":\"SearchAction\",\"target\":{\"@type\":\"EntryPoint\",\"urlTemplate\":\"https:\\\/\\\/www.centroneurodiagnostico-kessler.com\\\/?s={search_term_string}\"},\"query-input\":{\"@type\":\"PropertyValueSpecification\",\"valueRequired\":true,\"valueName\":\"search_term_string\"}}],\"inLanguage\":\"es\"},{\"@type\":\"Organization\",\"@id\":\"https:\\\/\\\/www.centroneurodiagnostico-kessler.com\\\/#organization\",\"name\":\"Centro Neurodiagnostico Kessler\",\"url\":\"https:\\\/\\\/www.centroneurodiagnostico-kessler.com\\\/\",\"logo\":{\"@type\":\"ImageObject\",\"inLanguage\":\"es\",\"@id\":\"https:\\\/\\\/www.centroneurodiagnostico-kessler.com\\\/#\\\/schema\\\/logo\\\/image\\\/\",\"url\":\"https:\\\/\\\/www.centroneurodiagnostico-kessler.com\\\/wp-content\\\/uploads\\\/2025\\\/11\\\/logo.png\",\"contentUrl\":\"https:\\\/\\\/www.centroneurodiagnostico-kessler.com\\\/wp-content\\\/uploads\\\/2025\\\/11\\\/logo.png\",\"width\":1399,\"height\":419,\"caption\":\"Centro Neurodiagnostico Kessler\"},\"image\":{\"@id\":\"https:\\\/\\\/www.centroneurodiagnostico-kessler.com\\\/#\\\/schema\\\/logo\\\/image\\\/\"},\"sameAs\":[\"https:\\\/\\\/www.instagram.com\\\/centrokessler\\\/\",\"https:\\\/\\\/www.youtube.com\\\/@dra.carolinemalamud2678\",\"https:\\\/\\\/www.tiktok.com\\\/@centrokessler\"]}]}<\/script>\n<!-- \/ Yoast SEO plugin. -->","yoast_head_json":{"title":"Blog de salud - centro neurodiagnostico kessler","robots":{"index":"index","follow":"follow","max-snippet":"max-snippet:-1","max-image-preview":"max-image-preview:large","max-video-preview":"max-video-preview:-1"},"canonical":"https:\/\/www.centroneurodiagnostico-kessler.com\/index.php\/blog-de-salud\/","og_locale":"es_ES","og_type":"article","og_title":"Blog de salud - centro neurodiagnostico kessler","og_description":"Blog de Salud &#8211; Centro Kessler Ponemos nuestros conocimientos sobre neurolog\u00eda al servicio de nuestros pacientes. Informaci\u00f3n especializada sobre estudios neurofisiol\u00f3gicos, trastornos del sue\u00f1o y salud neurol\u00f3gica Polisomnograf\u00eda en Lima: qu\u00e9 es, para qu\u00e9 sirve y cu\u00e1ndo necesito una Polisomnograf\u00eda en Lima: qu\u00e9 es, para qu\u00e9 sirve y cu\u00e1ndo necesito una Dormir es la base [&hellip;]","og_url":"https:\/\/www.centroneurodiagnostico-kessler.com\/index.php\/blog-de-salud\/","og_site_name":"centro neurodiagnostico kessler","article_modified_time":"2025-12-19T23:50:22+00:00","og_image":[{"width":2560,"height":1707,"url":"https:\/\/www.centroneurodiagnostico-kessler.com\/wp-content\/uploads\/2025\/12\/polisomnografia-lima-centro-kessler-scaled.jpg","type":"image\/jpeg"}],"twitter_card":"summary_large_image","twitter_misc":{"Tiempo de lectura":"2 minutos"},"schema":{"@context":"https:\/\/schema.org","@graph":[{"@type":"WebPage","@id":"https:\/\/www.centroneurodiagnostico-kessler.com\/index.php\/blog-de-salud\/","url":"https:\/\/www.centroneurodiagnostico-kessler.com\/index.php\/blog-de-salud\/","name":"Blog de salud - centro neurodiagnostico kessler","isPartOf":{"@id":"https:\/\/www.centroneurodiagnostico-kessler.com\/#website"},"primaryImageOfPage":{"@id":"https:\/\/www.centroneurodiagnostico-kessler.com\/index.php\/blog-de-salud\/#primaryimage"},"image":{"@id":"https:\/\/www.centroneurodiagnostico-kessler.com\/index.php\/blog-de-salud\/#primaryimage"},"thumbnailUrl":"https:\/\/www.centroneurodiagnostico-kessler.com\/wp-content\/uploads\/2025\/12\/polisomnografia-lima-centro-kessler-scaled.jpg","datePublished":"2025-12-18T20:40:20+00:00","dateModified":"2025-12-19T23:50:22+00:00","breadcrumb":{"@id":"https:\/\/www.centroneurodiagnostico-kessler.com\/index.php\/blog-de-salud\/#breadcrumb"},"inLanguage":"es","potentialAction":[{"@type":"ReadAction","target":["https:\/\/www.centroneurodiagnostico-kessler.com\/index.php\/blog-de-salud\/"]}]},{"@type":"ImageObject","inLanguage":"es","@id":"https:\/\/www.centroneurodiagnostico-kessler.com\/index.php\/blog-de-salud\/#primaryimage","url":"https:\/\/www.centroneurodiagnostico-kessler.com\/wp-content\/uploads\/2025\/12\/polisomnografia-lima-centro-kessler-scaled.jpg","contentUrl":"https:\/\/www.centroneurodiagnostico-kessler.com\/wp-content\/uploads\/2025\/12\/polisomnografia-lima-centro-kessler-scaled.jpg","width":2560,"height":1707},{"@type":"BreadcrumbList","@id":"https:\/\/www.centroneurodiagnostico-kessler.com\/index.php\/blog-de-salud\/#breadcrumb","itemListElement":[{"@type":"ListItem","position":1,"name":"Portada","item":"https:\/\/www.centroneurodiagnostico-kessler.com\/"},{"@type":"ListItem","position":2,"name":"Blog de salud"}]},{"@type":"WebSite","@id":"https:\/\/www.centroneurodiagnostico-kessler.com\/#website","url":"https:\/\/www.centroneurodiagnostico-kessler.com\/","name":"Centro Neurodiagnostico Kessler","description":"centro neurodiagnostico kessler","publisher":{"@id":"https:\/\/www.centroneurodiagnostico-kessler.com\/#organization"},"potentialAction":[{"@type":"SearchAction","target":{"@type":"EntryPoint","urlTemplate":"https:\/\/www.centroneurodiagnostico-kessler.com\/?s={search_term_string}"},"query-input":{"@type":"PropertyValueSpecification","valueRequired":true,"valueName":"search_term_string"}}],"inLanguage":"es"},{"@type":"Organization","@id":"https:\/\/www.centroneurodiagnostico-kessler.com\/#organization","name":"Centro Neurodiagnostico Kessler","url":"https:\/\/www.centroneurodiagnostico-kessler.com\/","logo":{"@type":"ImageObject","inLanguage":"es","@id":"https:\/\/www.centroneurodiagnostico-kessler.com\/#\/schema\/logo\/image\/","url":"https:\/\/www.centroneurodiagnostico-kessler.com\/wp-content\/uploads\/2025\/11\/logo.png","contentUrl":"https:\/\/www.centroneurodiagnostico-kessler.com\/wp-content\/uploads\/2025\/11\/logo.png","width":1399,"height":419,"caption":"Centro Neurodiagnostico Kessler"},"image":{"@id":"https:\/\/www.centroneurodiagnostico-kessler.com\/#\/schema\/logo\/image\/"},"sameAs":["https:\/\/www.instagram.com\/centrokessler\/","https:\/\/www.youtube.com\/@dra.carolinemalamud2678","https:\/\/www.tiktok.com\/@centrokessler"]}]}},"_links":{"self":[{"href":"https:\/\/www.centroneurodiagnostico-kessler.com\/index.php\/wp-json\/wp\/v2\/pages\/1841","targetHints":{"allow":["GET"]}}],"collection":[{"href":"https:\/\/www.centroneurodiagnostico-kessler.com\/index.php\/wp-json\/wp\/v2\/pages"}],"about":[{"href":"https:\/\/www.centroneurodiagnostico-kessler.com\/index.php\/wp-json\/wp\/v2\/types\/page"}],"author":[{"embeddable":true,"href":"https:\/\/www.centroneurodiagnostico-kessler.com\/index.php\/wp-json\/wp\/v2\/users\/1"}],"replies":[{"embeddable":true,"href":"https:\/\/www.centroneurodiagnostico-kessler.com\/index.php\/wp-json\/wp\/v2\/comments?post=1841"}],"version-history":[{"count":37,"href":"https:\/\/www.centroneurodiagnostico-kessler.com\/index.php\/wp-json\/wp\/v2\/pages\/1841\/revisions"}],"predecessor-version":[{"id":1939,"href":"https:\/\/www.centroneurodiagnostico-kessler.com\/index.php\/wp-json\/wp\/v2\/pages\/1841\/revisions\/1939"}],"wp:attachment":[{"href":"https:\/\/www.centroneurodiagnostico-kessler.com\/index.php\/wp-json\/wp\/v2\/media?parent=1841"}],"curies":[{"name":"wp","href":"https:\/\/api.w.org\/{rel}","templated":true}]}}